{"id":8,"date":"2017-08-31T08:44:32","date_gmt":"2017-08-31T06:44:32","guid":{"rendered":"http:\/\/superstar.castl.rocks\/?page_id=8\/"},"modified":"2017-11-06T11:27:47","modified_gmt":"2017-11-06T10:27:47","slug":"startseite","status":"publish","type":"page","link":"http:\/\/superstar.castl.rocks\/de\/","title":{"rendered":"Der <span class=\"orange\">SuperStar<\/span> hat ein Problem: <br\/><span class=\"orange\"> Ein b\u00f6ser Spacelord <\/span>hat ihn und seine Freunde entf\u00fchrt!"},"content":{"rendered":"<p>Nur du bist noch \u00fcbrig und hast die Mission sie zu retten. Mit einem Shuttle geht es durch sechs einzigartige irdische und galaktische Welten mit jeweils 10 Leveln, bevor man es am Ende mit dem Bossgegner aufnimmt. Erst wenn alle in einem Level versteckten Sterne befreit wurden, \u00f6ffnet sich das Portal zum n\u00e4chsten Level. Per Druck auf den Touchscreen wird das Shuttle in der Luft gehalten, gesteuert wird durch die Neigung des Smartphones. Dabei ist Geschicklichkeit und Fingerspitzengef\u00fchl gefragt, denn jeder Kontakt mit dem Boden, den W\u00e4nden und den zahlreichen Hindernissen endet t\u00f6dlich. Mit steigendem Schwierigkeitsgrad sind die Level zus\u00e4tzlich mit gef\u00e4hrlichen Fallen gespickt, die entweder geschickt umflogen oder mit einem Extra-Item ausgeschaltet werden m\u00fcssen. Dabei tickt unerbittlich die Uhr.<\/p>\n","protected":false},"excerpt":{"rendered":"<p>Nur du bist noch \u00fcbrig und hast die Mission sie zu retten. Mit einem Shuttle geht es durch sechs einzigartige irdische und galaktische Welten mit jeweils 10 Leveln, bevor man es am Ende mit dem Bossgegner aufnimmt. Erst wenn alle in einem Level versteckten Sterne befreit wurden, \u00f6ffnet sich das Portal zum n\u00e4chsten Level. Per [&hellip;]<\/p>\n","protected":false},"author":1,"featured_media":0,"parent":0,"menu_order":0,"comment_status":"closed","ping_status":"closed","template":"","meta":[],"yoast_head":"<!-- This site is optimized with the Yoast SEO plugin v18.3 - https:\/\/yoast.com\/wordpress\/plugins\/seo\/ -->\n<title>Der SuperStar hat ein Problem:  Ein b\u00f6ser Spacelord hat ihn und seine Freunde entf\u00fchrt! - Castl SuperStar<\/title>\n<meta name=\"robots\" content=\"noindex, follow, max-snippet:-1, max-image-preview:large, max-video-preview:-1\" \/>\n<meta property=\"og:locale\" content=\"de_DE\" \/>\n<meta property=\"og:type\" content=\"article\" \/>\n<meta property=\"og:title\" content=\"Der SuperStar hat ein Problem:  Ein b\u00f6ser Spacelord hat ihn und seine Freunde entf\u00fchrt! - Castl SuperStar\" \/>\n<meta property=\"og:description\" content=\"Nur du bist noch \u00fcbrig und hast die Mission sie zu retten. Mit einem Shuttle geht es durch sechs einzigartige irdische und galaktische Welten mit jeweils 10 Leveln, bevor man es am Ende mit dem Bossgegner aufnimmt. Erst wenn alle in einem Level versteckten Sterne befreit wurden, \u00f6ffnet sich das Portal zum n\u00e4chsten Level. Per [&hellip;]\" \/>\n<meta property=\"og:url\" content=\"http:\/\/superstar.castl.rocks\/de\/\" \/>\n<meta property=\"og:site_name\" content=\"Castl SuperStar\" \/>\n<meta property=\"article:modified_time\" content=\"2017-11-06T10:27:47+00:00\" \/>\n<meta name=\"twitter:card\" content=\"summary\" \/>\n<meta name=\"twitter:label1\" content=\"Gesch\u00e4tzte Lesezeit\" \/>\n\t<meta name=\"twitter:data1\" content=\"1\u00a0Minute\" \/>\n<script type=\"application\/ld+json\" class=\"yoast-schema-graph\">{\"@context\":\"https:\/\/schema.org\",\"@graph\":[{\"@type\":\"WebSite\",\"@id\":\"http:\/\/superstar.castl.rocks\/#website\",\"url\":\"http:\/\/superstar.castl.rocks\/\",\"name\":\"Castl SuperStar\",\"description\":\"Eine weitere WordPress-Website\",\"potentialAction\":[{\"@type\":\"SearchAction\",\"target\":{\"@type\":\"EntryPoint\",\"urlTemplate\":\"http:\/\/superstar.castl.rocks\/?s={search_term_string}\"},\"query-input\":\"required name=search_term_string\"}],\"inLanguage\":\"de\"},{\"@type\":\"WebPage\",\"@id\":\"http:\/\/superstar.castl.rocks\/de\/#webpage\",\"url\":\"http:\/\/superstar.castl.rocks\/de\/\",\"name\":\"Der SuperStar hat ein Problem: Ein b\u00f6ser Spacelord hat ihn und seine Freunde entf\u00fchrt! - Castl SuperStar\",\"isPartOf\":{\"@id\":\"http:\/\/superstar.castl.rocks\/#website\"},\"datePublished\":\"2017-08-31T06:44:32+00:00\",\"dateModified\":\"2017-11-06T10:27:47+00:00\",\"breadcrumb\":{\"@id\":\"http:\/\/superstar.castl.rocks\/de\/#breadcrumb\"},\"inLanguage\":\"de\",\"potentialAction\":[{\"@type\":\"ReadAction\",\"target\":[\"http:\/\/superstar.castl.rocks\/de\/\"]}]},{\"@type\":\"BreadcrumbList\",\"@id\":\"http:\/\/superstar.castl.rocks\/de\/#breadcrumb\",\"itemListElement\":[{\"@type\":\"ListItem\",\"position\":1,\"name\":\"Startseite\",\"item\":\"http:\/\/superstar.castl.rocks\/de\/\"},{\"@type\":\"ListItem\",\"position\":2,\"name\":\"Der SuperStar hat ein Problem: Ein b\u00f6ser Spacelord hat ihn und seine Freunde entf\u00fchrt!\"}]}]}<\/script>\n<!-- \/ Yoast SEO plugin. -->","yoast_head_json":{"title":"Der SuperStar hat ein Problem:  Ein b\u00f6ser Spacelord hat ihn und seine Freunde entf\u00fchrt! - Castl SuperStar","robots":{"index":"noindex","follow":"follow","max-snippet":"max-snippet:-1","max-image-preview":"max-image-preview:large","max-video-preview":"max-video-preview:-1"},"og_locale":"de_DE","og_type":"article","og_title":"Der SuperStar hat ein Problem:  Ein b\u00f6ser Spacelord hat ihn und seine Freunde entf\u00fchrt! - Castl SuperStar","og_description":"Nur du bist noch \u00fcbrig und hast die Mission sie zu retten. Mit einem Shuttle geht es durch sechs einzigartige irdische und galaktische Welten mit jeweils 10 Leveln, bevor man es am Ende mit dem Bossgegner aufnimmt. Erst wenn alle in einem Level versteckten Sterne befreit wurden, \u00f6ffnet sich das Portal zum n\u00e4chsten Level. Per [&hellip;]","og_url":"http:\/\/superstar.castl.rocks\/de\/","og_site_name":"Castl SuperStar","article_modified_time":"2017-11-06T10:27:47+00:00","twitter_card":"summary","twitter_misc":{"Gesch\u00e4tzte Lesezeit":"1\u00a0Minute"},"schema":{"@context":"https:\/\/schema.org","@graph":[{"@type":"WebSite","@id":"http:\/\/superstar.castl.rocks\/#website","url":"http:\/\/superstar.castl.rocks\/","name":"Castl SuperStar","description":"Eine weitere WordPress-Website","potentialAction":[{"@type":"SearchAction","target":{"@type":"EntryPoint","urlTemplate":"http:\/\/superstar.castl.rocks\/?s={search_term_string}"},"query-input":"required name=search_term_string"}],"inLanguage":"de"},{"@type":"WebPage","@id":"http:\/\/superstar.castl.rocks\/de\/#webpage","url":"http:\/\/superstar.castl.rocks\/de\/","name":"Der SuperStar hat ein Problem: Ein b\u00f6ser Spacelord hat ihn und seine Freunde entf\u00fchrt! - Castl SuperStar","isPartOf":{"@id":"http:\/\/superstar.castl.rocks\/#website"},"datePublished":"2017-08-31T06:44:32+00:00","dateModified":"2017-11-06T10:27:47+00:00","breadcrumb":{"@id":"http:\/\/superstar.castl.rocks\/de\/#breadcrumb"},"inLanguage":"de","potentialAction":[{"@type":"ReadAction","target":["http:\/\/superstar.castl.rocks\/de\/"]}]},{"@type":"BreadcrumbList","@id":"http:\/\/superstar.castl.rocks\/de\/#breadcrumb","itemListElement":[{"@type":"ListItem","position":1,"name":"Startseite","item":"http:\/\/superstar.castl.rocks\/de\/"},{"@type":"ListItem","position":2,"name":"Der SuperStar hat ein Problem: Ein b\u00f6ser Spacelord hat ihn und seine Freunde entf\u00fchrt!"}]}]}},"_links":{"self":[{"href":"http:\/\/superstar.castl.rocks\/de\/wp-json\/wp\/v2\/pages\/8"}],"collection":[{"href":"http:\/\/superstar.castl.rocks\/de\/wp-json\/wp\/v2\/pages"}],"about":[{"href":"http:\/\/superstar.castl.rocks\/de\/wp-json\/wp\/v2\/types\/page"}],"author":[{"embeddable":true,"href":"http:\/\/superstar.castl.rocks\/de\/wp-json\/wp\/v2\/users\/1"}],"replies":[{"embeddable":true,"href":"http:\/\/superstar.castl.rocks\/de\/wp-json\/wp\/v2\/comments?post=8"}],"version-history":[{"count":9,"href":"http:\/\/superstar.castl.rocks\/de\/wp-json\/wp\/v2\/pages\/8\/revisions"}],"predecessor-version":[{"id":63,"href":"http:\/\/superstar.castl.rocks\/de\/wp-json\/wp\/v2\/pages\/8\/revisions\/63"}],"wp:attachment":[{"href":"http:\/\/superstar.castl.rocks\/de\/wp-json\/wp\/v2\/media?parent=8"}],"curies":[{"name":"wp","href":"https:\/\/api.w.org\/{rel}","templated":true}]}}